{"id":138,"date":"2021-11-20T12:07:20","date_gmt":"2021-11-20T11:07:20","guid":{"rendered":"https:\/\/dataprotectionpartner.de\/?page_id=138"},"modified":"2022-04-07T12:22:45","modified_gmt":"2022-04-07T10:22:45","slug":"privacy-policy","status":"publish","type":"page","link":"https:\/\/dataprotectionpartner.de\/en\/privacy-policy\/","title":{"rendered":"Privacy Policy"},"content":{"rendered":"<h2>Datenschutzhinweis<\/h2>\n<div>\n<div>Datenschutzerkl\u00e4rung nach der DSGVO<br \/>\n1. Name und Anschrift des VerantwortlichenDer Verantwortliche im Sinne der Datenschutz-Grundverordnung und anderer nationaler Datenschutzgesetze der Mitgliedsstaaten sowie sonstiger datenschutzrechtlicher Bestimmungen ist die:DPP Data Protection GmbH<br \/>\nZum Gottschalkhof 2<br \/>\n60594 Frankfurt am MainTel.: 069 175366960<br \/>\nE-Mail: <a href=\"mailto:info@dataprotectionpartner.de\">info@dataprotectionpartner.de<\/a><br \/>\nWebsite: www.dataprotectionpartner.de<\/p>\n<p>Wir informieren Sie im folgenden \u00fcber die Verarbeitung Ihrer personenbezogenen Daten im Rahmen der Nutzung unserer Webseite.<\/p>\n<p>Sollten Sie dar\u00fcber hinaus Fragen zum Datenschutz im Zusammenhang mit unserer Webseite oder den angebotenen Services haben, kontaktieren Sie unseren Datenschutzbeauftragten.<\/p>\n<p>Der Datenschutzbeauftragte des Verantwortlichen ist:<br \/>\nRudolf Fiedler<br \/>\nDPP Data Protection GmbH<br \/>\nE-Mail: <a href=\"mailto:info@dataprotectionpartner.de\">info@dataprotectionpartner.de<\/a><br \/>\n2. Umfang, Zweck und Rechtsgrundlage der Verarbeitung personenbezogener Daten<\/p>\n<p>Wir erheben und verwenden personenbezogene Daten unserer Nutzer grunds\u00e4tzlich nur, soweit dies zur Bereitstellung einer funktionsf\u00e4higen Website sowie unserer Inhalte und Leistungen erforderlich ist. Die Erhebung und Verwendung personenbezogener Daten unserer Nutzer erfolgt regelm\u00e4\u00dfig nur nach Einwilligung des Nutzers. Eine Ausnahme gilt in solchen F\u00e4llen, in denen eine vorherige Einholung einer Einwilligung aus tats\u00e4chlichen Gr\u00fcnden nicht m\u00f6glich ist und die Verarbeitung der Daten durch gesetzliche Vorschriften gestattet ist.<\/p>\n<p>2.1 Erstellung von Logfiles<\/p>\n<p>Bei jedem Aufruf unserer Internetseite erfasst unser System automatisiert Daten und Informationen vom Computersystem des aufrufenden Rechners.<\/p>\n<p>Folgende Daten (\u201etechnische Informationen&#8221;) werden hierbei erhoben:<\/p>\n<p>Informationen \u00fcber den Browsertyp und die verwendete Version<\/p>\n<p>Das Betriebssystem des Nutzers<\/p>\n<p>Internet-Service-Provider des Nutzers<\/p>\n<p>Datum und Uhrzeit des Zugriffs Websites, von denen das System des Nutzers auf unsere Internetseite gelangt<\/p>\n<p>Websites, die vom System des Nutzers \u00fcber unsere Website aufgerufen werden<\/p>\n<p>IDie Daten werden ebenfalls in den Logfiles unseres Systems gespeichert. Nicht hiervon betroffen sind die IP-Adressen des Nutzers oder andere Daten, die die Zuordnung der Daten zu einem Nutzer erm\u00f6glichen. Eine Speicherung dieser Daten zusammen mit anderen personenbezogenen Daten des Nutzers findet nicht statt.<\/p>\n<p>Dabei verarbeiten wir diese technischen Informationen zu Zwecken der Netzwerksicherheit um z.B. Angriffe bek\u00e4mpfen zu k\u00f6nnen, zu Zwecken des Marketings, um die Anforderungen unserer Nutzer besser verstehen zu k\u00f6nnen und zur Verbesserung unseres Webseitenangebots.<\/p>\n<p>In diesen Zwecken liegt auch unser berechtigtes Interesse an der Datenverarbeitung nach Art.6 Abs.1 lit.f DSGVO.<\/p>\n<p>Die Erfassung der Daten zur Bereitstellung der Website und die Speicherung der Daten in Logfiles ist f\u00fcr den Betrieb der Internetseite zwingend erforderlich. Es besteht folglich seitens des Nutzers keine Widerspruchsm\u00f6glichkeit.<\/p>\n<p>2.2 Verwendung von Cookies<\/p>\n<p>Unsere Webeseite verwendet Cookies. Bei Cookies handelt es sich um Textdateien, die im Internetbrowser bzw. vom Internetbrowser auf dem Computersystem des Nutzers gespeichert werden. Ruft ein Nutzer eine Website auf, so kann ein Cookie auf dem Betriebssystem des Nutzers gespeichert werden. Dieser Cookie enth\u00e4lt eine charakteristische Zeichenfolge, die eine eindeutige Identifizierung des Browsers beim erneuten Aufrufen der Website erm\u00f6glicht.<\/p>\n<p>Wir setzen Cookies ein, um unsere Website nutzerfreundlicher zu gestalten. Einige Elemente unserer Internetseite erfordern es, dass der aufrufende Browser auch nach einem Seitenwechsel identifiziert werden kann.<\/p>\n<p>Der Zweck der Verwendung technisch notwendiger Cookies ist, die Nutzung von Websites f\u00fcr die Nutzer zu vereinfachen. Einige Funktionen unserer Internetseite k\u00f6nnen ohne den Einsatz von Cookies nicht angeboten werden. F\u00fcr diese ist es erforderlich, dass der Browser auch nach einem Seitenwechsel wiedererkannt wird.<\/p>\n<p>Die durch technisch notwendige Cookies erhobenen Nutzerdaten werden nicht zur Erstellung von Nutzerprofilen verwendet.<\/p>\n<p>In diesen Zwecken liegt auch unser berechtigtes Interesse an der Verarbeitung der personenbezogenen Daten und auch die Rechtsgrundlage nach Art.6 Abs.1 lit.f DSGVO.<\/p>\n<p>Cookies werden auf dem Rechner des Nutzers gespeichert und von diesem an unserer Seite \u00fcbermittelt. Daher haben Sie als Nutzer auch die volle Kontrolle \u00fcber die Verwendung von Cookies. Durch eine \u00c4nderung der Einstellungen in Ihrem Internetbrowser k\u00f6nnen Sie die \u00dcbertragung von Cookies deaktivieren oder einschr\u00e4nken. Bereits gespeicherte Cookies k\u00f6nnen jederzeit gel\u00f6scht werden. Dies kann auch automatisiert erfolgen. Werden Cookies f\u00fcr unsere Website deaktiviert, k\u00f6nnen m\u00f6glicherweise nicht mehr alle Funktionen der Website vollumf\u00e4nglich genutzt werden.<br \/>\n3. Rechtsgrundlage f\u00fcr die Verarbeitung personenbezogener Daten<\/p>\n<p>Soweit wir f\u00fcr Verarbeitungsvorg\u00e4nge personenbezogener Daten eine Einwilligung der betroffenen Person einholen, dient Art.6 Abs.1 lit.a EU-Datenschutzgrundverordnung (DSGVO) als Rechtsgrundlage f\u00fcr die Verarbeitung personenbezogener Daten.<\/p>\n<p>Bei der Verarbeitung von personenbezogenen Daten, die zur Erf\u00fcllung eines Vertrages, dessen Vertragspartei die betroffene Person ist, erforderlich ist, dient Art.6 Abs.1 lit.b DSGVO als Rechtsgrundlage. Dies gilt auch f\u00fcr Verarbeitungsvorg\u00e4nge, die zur Durchf\u00fchrung vorvertraglicher Ma\u00dfnahmen erforderlich sind.<\/p>\n<p>Soweit eine Verarbeitung personenbezogener Daten zur Erf\u00fcllung einer rechtlichen Verpflichtung erforderlich ist, der unser Unternehmen unterliegt, dient Art.6 Abs.1 lit.c DSGVO als Rechtsgrundlage.<\/p>\n<p>F\u00fcr den Fall, dass lebenswichtige Interessen der betroffenen Person oder einer anderen nat\u00fcrlichen Person eine Verarbeitung personenbezogener Daten erforderlich machen, dient Art.6 Abs.1 lit.d DSGVO als Rechtsgrundlage.<\/p>\n<p>Ist die Verarbeitung zur Wahrung eines berechtigten Interesses unseres Unternehmens oder eines Dritten erforderlich und \u00fcberwiegen die Interessen, Grundrechte und Grundfreiheiten des Betroffenen das erstgenannte Interesse nicht, so dient Art.6 Abs.1 lit.f DSGVO als Rechtsgrundlage f\u00fcr die Verarbeitung. In diesem Fall sind unsere berechtigten Interessen neben den oben aufgef\u00fchrten Zwecken:<\/p>\n<p>Schutz des Unternehmens vor matierellen oder immateriellen Sch\u00e4den<br \/>\nDie Professionalisierung unserer Produkte und Dienstleistungen<br \/>\nKostenoptimierung.<\/p>\n<p>Weiterhin verarbeiten wir personenbezogene Daten, um handels- oder steuerrechtlichen Aufbewahrungspflichten nachzukommen.<\/p>\n<p>F\u00fcr gesetzlich vorgeschriebene oder vertragliche Anforderungen haben wir in den Eingabemasken auf unserer Webseite die jeweiligen Eingabefelder gekennzeichnet, die von Ihnen zwingend auszuf\u00fcllen sind, damit wir den von Ihnen gew\u00fcnschten Service erbringen k\u00f6nnen.<br \/>\n4. Datenl\u00f6schung und Speicherdauer<\/p>\n<p>Die personenbezogenen Daten der betroffenen Person werden gel\u00f6scht oder gesperrt, sobald der Zweck der Speicherung entf\u00e4llt oder nicht mehr erforderlich ist. Dabei kann es vorkommen, dass personenbezogene Daten f\u00fcr die Zeit aufbewahrt werden, in der Anspr\u00fcche gegen unser Unternehmen geltend gemacht werden k\u00f6nnen (gesetzliche Verj\u00e4hrungsfristen k\u00f6nnen von drei bis zu drei\u00dfig Jahren vorliegen).<\/p>\n<p>Eine Speicherung kann dar\u00fcber hinaus dann erfolgen, wenn dies durch den europ\u00e4ischen oder nationalen Gesetzgeber in unionsrechtlichen Verordnungen, Gesetzen oder sonstigen Vorschriften, denen der Verantwortliche unterliegt, vorgesehen wurde.<\/p>\n<p>Entsprechende Nachweis- und Aufbewahrungspflichten ergeben sich unter anderem aus dem Handelsgesetzbuch, der Abgabenordnung und dem Geldw\u00e4schegesetz. Die Speicherfristen betragen danach bis zu zehn Jahren.<\/p>\n<p>Eine Sperrung oder L\u00f6schung der Daten erfolgt auch dann, wenn eine durch die genannten Normen vorgeschriebene Speicherfrist abl\u00e4uft, es sei denn, dass eine Erforderlichkeit zur weiteren Speicherung der Daten f\u00fcr einen Vertragsabschluss oder eine Vertragserf\u00fcllung besteht.<br \/>\n5. Weitergabe personenbezogener Daten an Dritte<\/p>\n<p>Weiterhin sind wir ggfs. gesetzlich verpflichtet, personenbezogene Daten deutschen und internationalen Beh\u00f6rden zur Verf\u00fcgung zu stellen. Rechtsgrundlage hierf\u00fcr ist der Art. 6 Abs. 1 lit. c DSGVO in Verbindung mit lokalen und internationalen Regularien und Abkommen.<\/p>\n<\/div>\n<div>\n<p>6. Widerspruchsrecht nach Art. 21 DSGVOSie haben das Recht, aus Gr\u00fcnden, die sich aus ihrer besonderen Situation ergeben, jederzeit gegen die Verarbeitung der Sie betreffenden personenbezogenen Daten, die aufgrund von Art.6 Abs.1 lit.e oder f DSGVO erfolgt, Widerspruch einzulegen; dies gilt auch f\u00fcr ein auf diese Bestimmungen gest\u00fctztes Profiling.Der Verantwortliche verarbeitet die Sie betreffenden personenbezogenen Daten nicht mehr, es sei denn, er kann zwingende schutzw\u00fcrdige Gr\u00fcnde f\u00fcr die Verarbeitung nachweisen, die Ihre Interessen, Rechte und Freiheiten \u00fcberwiegen, oder die Verarbeitung dient der Geltendmachung, Aus\u00fcbung oder Verteidigung von Rechtsanspr\u00fcchen.<\/p>\n<p>Werden die Sie betreffenden personenbezogenen Daten verarbeitet, um Direktwerbung zu betreiben, haben Sie das Recht, jederzeit Widerspruch gegen die Verarbeitung der Sie betreffenden personenbezogenen Daten zum Zwecke derartiger Werbung einzulegen; dies gilt auch f\u00fcr das Profiling, soweit es mit solcher Direktwerbung in Verbindung steht.<\/p>\n<p>Widersprechen Sie der Verarbeitung f\u00fcr Zwecke der Direktwerbung, so werden die Sie betreffenden personenbezogenen Daten nicht mehr f\u00fcr diese Zwecke verarbeitet.<\/p>\n<p>Sie haben die M\u00f6glichkeit, im Zusammenhang mit der Nutzung von Diensten der Informationsgesellschaft \u2013 ungeachtet der Richtlinie 2002\/58\/EG \u2013 Ihr Widerspruchsrecht mittels automatisierter Verfahren auszu\u00fcben, bei denen technische Spezifikationen verwendet werden<br \/>\n7. Rechte der betroffenen Person<\/p>\n<p>F\u00fcr unser Unternehmen ist es ein wichtiges Anliegen, unsere Prozesse zur Verarbeitung personenbezogener Daten transparent zu gestalten. Daher weisen wir darauf hin, dass Sie neben dem Widerspruchsrecht weitere Rechte bei Vorliegen der jeweiligen gesetzlichen Voraussetzungen aus\u00fcben k\u00f6nnen:<\/p>\n<p>Recht auf Auskunft nach Art. 15 DSGVO<br \/>\nRecht auf Berichtigung nach Art. 16 DSGVO<br \/>\nRecht auf L\u00f6schung (\u201eRecht auf Vergessenwerden&#8221;) nach Art. 17 DSGVO<br \/>\nRecht auf Einschr\u00e4nkung der Verarbeitung nach Art. 18 DSGVO<br \/>\nRecht auf Unterrichtung nach Art. 19 DSGVO<br \/>\nRecht auf Daten\u00fcbertragbarkeit nach Art. 20 DSGVO<br \/>\n(keine) automatisierte Entscheidung im Einzelfall einschlie\u00dflich Profiling nach Art. 21 DSGVO<\/p>\n<p>Um Ihre Rechte wahrzunehmen, k\u00f6nnen Sie sich per E-Mail an <span id=\"cloakafa8b6f5a3aac18b9bd64b1b7233740e\"><a href=\"mailto:info@dataprotectionpartner.de\">info@dataprotectionpartner.de<\/a><\/span> wenden.<\/p>\n<p>Um Ihren Antrag bearbeiten zu k\u00f6nnen sowie zu Identifizierungszwecken, weisen wir darauf hin, dass wir Ihre personenbezogenen Daten nach Art. 6 Abs. 1 lit. c DSGVO verarbeiten.<br \/>\n8. Einwilligung<\/p>\n<p>Sie haben das Recht, Ihre datenschutzrechtliche Einwilligungserkl\u00e4rung jederzeit mit Wirkung f\u00fcr die Zukunft zu widerrufen. Durch den Widerruf der Einwilligung wird die Rechtm\u00e4\u00dfigkeit der aufgrund der Einwilligung bis zum Widerruf erfolgten Verarbeitung nicht ber\u00fchrt. In einigen F\u00e4llen sind wir trotz des Widerrufs dazu berechtigt, Ihre personenbezogenen Daten auf einer anderen Rechtsgrundlage (zur Erf\u00fcllung eines Vertrages) weiter zu verarbeiten.<br \/>\n9. Recht auf Beschwerde bei einer Aufsichtsbeh\u00f6rde<\/p>\n<p>Unbeschadet eines anderweitigen verwaltungsrechtlichen oder gerichtlichen Rechtsbehelfs steht Ihnen das Recht auf Beschwerde bei einer Aufsichtsbeh\u00f6rde, insbesondere in dem Mitgliedstaat ihres Aufenthaltsorts, ihres Arbeitsplatzes oder des Orts des mutma\u00dflichen Versto\u00dfes, zu, wenn Sie der Ansicht sind, dass die Verarbeitung der Sie betreffenden personenbezogenen Daten gegen die DSGVO verst\u00f6\u00dft.<\/p>\n<p>Die Aufsichtsbeh\u00f6rde, bei der die Beschwerde eingereicht wurde, unterrichtet den Beschwerdef\u00fchrer \u00fcber den Stand und die Ergebnisse der Beschwerde einschlie\u00dflich der M\u00f6glichkeit eines gerichtlichen Rechtsbehelfs nach Art.78 DSGVO.<\/p>\n<p>Der Hessische Datenschutzbeauftragte<br \/>\nPostfach 3163<br \/>\n65021 Wiesbaden<br \/>\nE-Mail: <a href=\"mailto:poststelle@datenschutz.hessen.de\">poststelle@datenschutz.hessen.de<\/a><\/p>\n<\/div>\n<\/div>\n","protected":false},"excerpt":{"rendered":"<p>Datenschutzhinweis Datenschutzerkl\u00e4rung nach der DSGVO 1. Name und Anschrift des VerantwortlichenDer Verantwortliche im Sinne der Datenschutz-Grundverordnung und anderer nationaler Datenschutzgesetze der Mitgliedsstaaten sowie sonstiger datenschutzrechtlicher Bestimmungen ist die:DPP Data Protection GmbH Zum Gottschalkhof 2 60594 Frankfurt am MainTel.: 069 175366960 E-Mail: info@dataprotectionpartner.de Website: www.dataprotectionpartner.de Wir informieren Sie im folgenden \u00fcber die Verarbeitung Ihrer personenbezogenen Daten [&hellip;]<\/p>\n","protected":false},"author":2,"featured_media":0,"parent":0,"menu_order":0,"comment_status":"closed","ping_status":"closed","template":"","meta":{"footnotes":""},"class_list":["post-138","page","type-page","status-publish","hentry"],"yoast_head":"<!-- This site is optimized with the Yoast SEO plugin v27.2 - https:\/\/yoast.com\/product\/yoast-seo-wordpress\/ -->\n<title>Privacy Policy - DPP - Data Protection Partner<\/title>\n<meta name=\"robots\" content=\"index, follow, max-snippet:-1, max-image-preview:large, max-video-preview:-1\" \/>\n<link rel=\"canonical\" href=\"https:\/\/dataprotectionpartner.de\/en\/privacy-policy\/\" \/>\n<meta property=\"og:locale\" content=\"en_US\" \/>\n<meta property=\"og:type\" content=\"article\" \/>\n<meta property=\"og:title\" content=\"Privacy Policy - DPP - Data Protection Partner\" \/>\n<meta property=\"og:description\" content=\"Datenschutzhinweis Datenschutzerkl\u00e4rung nach der DSGVO 1. Name und Anschrift des VerantwortlichenDer Verantwortliche im Sinne der Datenschutz-Grundverordnung und anderer nationaler Datenschutzgesetze der Mitgliedsstaaten sowie sonstiger datenschutzrechtlicher Bestimmungen ist die:DPP Data Protection GmbH Zum Gottschalkhof 2 60594 Frankfurt am MainTel.: 069 175366960 E-Mail: info@dataprotectionpartner.de Website: www.dataprotectionpartner.de Wir informieren Sie im folgenden \u00fcber die Verarbeitung Ihrer personenbezogenen Daten [&hellip;]\" \/>\n<meta property=\"og:url\" content=\"https:\/\/dataprotectionpartner.de\/en\/privacy-policy\/\" \/>\n<meta property=\"og:site_name\" content=\"DPP - Data Protection Partner\" \/>\n<meta property=\"article:modified_time\" content=\"2022-04-07T10:22:45+00:00\" \/>\n<meta name=\"twitter:card\" content=\"summary_large_image\" \/>\n<meta name=\"twitter:label1\" content=\"Est. reading time\" \/>\n\t<meta name=\"twitter:data1\" content=\"8 minutes\" \/>\n<script type=\"application\/ld+json\" class=\"yoast-schema-graph\">{\"@context\":\"https:\/\/schema.org\",\"@graph\":[{\"@type\":\"WebPage\",\"@id\":\"https:\/\/dataprotectionpartner.de\/en\/privacy-policy\/\",\"url\":\"https:\/\/dataprotectionpartner.de\/en\/privacy-policy\/\",\"name\":\"Privacy Policy - DPP - Data Protection Partner\",\"isPartOf\":{\"@id\":\"https:\/\/dataprotectionpartner.de\/#website\"},\"datePublished\":\"2021-11-20T11:07:20+00:00\",\"dateModified\":\"2022-04-07T10:22:45+00:00\",\"breadcrumb\":{\"@id\":\"https:\/\/dataprotectionpartner.de\/en\/privacy-policy\/#breadcrumb\"},\"inLanguage\":\"en-US\",\"potentialAction\":[{\"@type\":\"ReadAction\",\"target\":[\"https:\/\/dataprotectionpartner.de\/en\/privacy-policy\/\"]}]},{\"@type\":\"BreadcrumbList\",\"@id\":\"https:\/\/dataprotectionpartner.de\/en\/privacy-policy\/#breadcrumb\",\"itemListElement\":[{\"@type\":\"ListItem\",\"position\":1,\"name\":\"Startseite\",\"item\":\"https:\/\/dataprotectionpartner.de\/en\/\"},{\"@type\":\"ListItem\",\"position\":2,\"name\":\"Privacy Policy\"}]},{\"@type\":\"WebSite\",\"@id\":\"https:\/\/dataprotectionpartner.de\/#website\",\"url\":\"https:\/\/dataprotectionpartner.de\/\",\"name\":\"DPP - Data Protection Partner\",\"description\":\"Datenschutz, Risikomanagement und Compliance\",\"publisher\":{\"@id\":\"https:\/\/dataprotectionpartner.de\/#organization\"},\"potentialAction\":[{\"@type\":\"SearchAction\",\"target\":{\"@type\":\"EntryPoint\",\"urlTemplate\":\"https:\/\/dataprotectionpartner.de\/?s={search_term_string}\"},\"query-input\":{\"@type\":\"PropertyValueSpecification\",\"valueRequired\":true,\"valueName\":\"search_term_string\"}}],\"inLanguage\":\"en-US\"},{\"@type\":\"Organization\",\"@id\":\"https:\/\/dataprotectionpartner.de\/#organization\",\"name\":\"DPP - Data Protection Partner\",\"url\":\"https:\/\/dataprotectionpartner.de\/\",\"logo\":{\"@type\":\"ImageObject\",\"inLanguage\":\"en-US\",\"@id\":\"https:\/\/dataprotectionpartner.de\/#\/schema\/logo\/image\/\",\"url\":\"https:\/\/dataprotectionpartner.de\/wp-content\/uploads\/2021\/08\/logo-dpp.png\",\"contentUrl\":\"https:\/\/dataprotectionpartner.de\/wp-content\/uploads\/2021\/08\/logo-dpp.png\",\"width\":782,\"height\":340,\"caption\":\"DPP - Data Protection Partner\"},\"image\":{\"@id\":\"https:\/\/dataprotectionpartner.de\/#\/schema\/logo\/image\/\"}}]}<\/script>\n<!-- \/ Yoast SEO plugin. -->","yoast_head_json":{"title":"Privacy Policy - DPP - Data Protection Partner","robots":{"index":"index","follow":"follow","max-snippet":"max-snippet:-1","max-image-preview":"max-image-preview:large","max-video-preview":"max-video-preview:-1"},"canonical":"https:\/\/dataprotectionpartner.de\/en\/privacy-policy\/","og_locale":"en_US","og_type":"article","og_title":"Privacy Policy - DPP - Data Protection Partner","og_description":"Datenschutzhinweis Datenschutzerkl\u00e4rung nach der DSGVO 1. Name und Anschrift des VerantwortlichenDer Verantwortliche im Sinne der Datenschutz-Grundverordnung und anderer nationaler Datenschutzgesetze der Mitgliedsstaaten sowie sonstiger datenschutzrechtlicher Bestimmungen ist die:DPP Data Protection GmbH Zum Gottschalkhof 2 60594 Frankfurt am MainTel.: 069 175366960 E-Mail: info@dataprotectionpartner.de Website: www.dataprotectionpartner.de Wir informieren Sie im folgenden \u00fcber die Verarbeitung Ihrer personenbezogenen Daten [&hellip;]","og_url":"https:\/\/dataprotectionpartner.de\/en\/privacy-policy\/","og_site_name":"DPP - Data Protection Partner","article_modified_time":"2022-04-07T10:22:45+00:00","twitter_card":"summary_large_image","twitter_misc":{"Est. reading time":"8 minutes"},"schema":{"@context":"https:\/\/schema.org","@graph":[{"@type":"WebPage","@id":"https:\/\/dataprotectionpartner.de\/en\/privacy-policy\/","url":"https:\/\/dataprotectionpartner.de\/en\/privacy-policy\/","name":"Privacy Policy - DPP - Data Protection Partner","isPartOf":{"@id":"https:\/\/dataprotectionpartner.de\/#website"},"datePublished":"2021-11-20T11:07:20+00:00","dateModified":"2022-04-07T10:22:45+00:00","breadcrumb":{"@id":"https:\/\/dataprotectionpartner.de\/en\/privacy-policy\/#breadcrumb"},"inLanguage":"en-US","potentialAction":[{"@type":"ReadAction","target":["https:\/\/dataprotectionpartner.de\/en\/privacy-policy\/"]}]},{"@type":"BreadcrumbList","@id":"https:\/\/dataprotectionpartner.de\/en\/privacy-policy\/#breadcrumb","itemListElement":[{"@type":"ListItem","position":1,"name":"Startseite","item":"https:\/\/dataprotectionpartner.de\/en\/"},{"@type":"ListItem","position":2,"name":"Privacy Policy"}]},{"@type":"WebSite","@id":"https:\/\/dataprotectionpartner.de\/#website","url":"https:\/\/dataprotectionpartner.de\/","name":"DPP - Data Protection Partner","description":"Datenschutz, Risikomanagement und Compliance","publisher":{"@id":"https:\/\/dataprotectionpartner.de\/#organization"},"potentialAction":[{"@type":"SearchAction","target":{"@type":"EntryPoint","urlTemplate":"https:\/\/dataprotectionpartner.de\/?s={search_term_string}"},"query-input":{"@type":"PropertyValueSpecification","valueRequired":true,"valueName":"search_term_string"}}],"inLanguage":"en-US"},{"@type":"Organization","@id":"https:\/\/dataprotectionpartner.de\/#organization","name":"DPP - Data Protection Partner","url":"https:\/\/dataprotectionpartner.de\/","logo":{"@type":"ImageObject","inLanguage":"en-US","@id":"https:\/\/dataprotectionpartner.de\/#\/schema\/logo\/image\/","url":"https:\/\/dataprotectionpartner.de\/wp-content\/uploads\/2021\/08\/logo-dpp.png","contentUrl":"https:\/\/dataprotectionpartner.de\/wp-content\/uploads\/2021\/08\/logo-dpp.png","width":782,"height":340,"caption":"DPP - Data Protection Partner"},"image":{"@id":"https:\/\/dataprotectionpartner.de\/#\/schema\/logo\/image\/"}}]}},"_links":{"self":[{"href":"https:\/\/dataprotectionpartner.de\/en\/wp-json\/wp\/v2\/pages\/138","targetHints":{"allow":["GET"]}}],"collection":[{"href":"https:\/\/dataprotectionpartner.de\/en\/wp-json\/wp\/v2\/pages"}],"about":[{"href":"https:\/\/dataprotectionpartner.de\/en\/wp-json\/wp\/v2\/types\/page"}],"author":[{"embeddable":true,"href":"https:\/\/dataprotectionpartner.de\/en\/wp-json\/wp\/v2\/users\/2"}],"replies":[{"embeddable":true,"href":"https:\/\/dataprotectionpartner.de\/en\/wp-json\/wp\/v2\/comments?post=138"}],"version-history":[{"count":4,"href":"https:\/\/dataprotectionpartner.de\/en\/wp-json\/wp\/v2\/pages\/138\/revisions"}],"predecessor-version":[{"id":192,"href":"https:\/\/dataprotectionpartner.de\/en\/wp-json\/wp\/v2\/pages\/138\/revisions\/192"}],"wp:attachment":[{"href":"https:\/\/dataprotectionpartner.de\/en\/wp-json\/wp\/v2\/media?parent=138"}],"curies":[{"name":"wp","href":"https:\/\/api.w.org\/{rel}","templated":true}]}}